{"id":68144,"date":"2026-02-03T12:34:09","date_gmt":"2026-02-03T12:34:09","guid":{"rendered":"http:\/\/transparencia.ayto-meco.es\/?page_id=68144"},"modified":"2026-02-03T13:31:37","modified_gmt":"2026-02-03T13:31:37","slug":"pruebas-anteriores","status":"publish","type":"page","link":"http:\/\/transparencia.ayto-meco.es\/?page_id=68144","title":{"rendered":"Pruebas anteriores"},"content":{"rendered":"<p><div class=\"fusion-fullwidth fullwidth-box fusion-parallax-none hundred-percent-fullwidth non-hundred-percent-height-scrolling\"  style='background-color: #ffffff;background-image: url(\"http:\/\/transparencia.ayto-meco.es\/wp-content\/uploads\/2015\/06\/IBI-Giravella-300x222.jpg\");background-position: center center;background-repeat: no-repeat;padding-top:50px;padding-bottom:50px;border-top-width:0px;border-bottom-width:0px;border-color:#eae9e9;border-top-style:solid;border-bottom-style:solid;-webkit-background-size:cover;-moz-background-size:cover;-o-background-size:cover;background-size:cover;'><div class=\"fusion-builder-row fusion-row \"><div  class=\"fusion-layout-column fusion_builder_column fusion_builder_column_1_1  fusion-one-full fusion-column-first fusion-column-last fusion-column-no-min-height 1_1\"  style='margin-top:0px;margin-bottom:0px;'>\n\t\t\t\t\t<div class=\"fusion-column-wrapper\" style=\"background-position:left top;background-repeat:no-repeat;-webkit-background-size:cover;-moz-background-size:cover;-o-background-size:cover;background-size:cover;\"  data-bg-url=\"\">\n\t\t\t\t\t\t<div class=\"fusion-text\"><h1 style=\"text-align: center;\"><span style=\"color: #bdbdbd;\">Pruebas anteriores<\/span><\/h1>\n<\/div><div class=\"fusion-clearfix\"><\/div>\n\n\t\t\t\t\t<\/div>\n\t\t\t\t<\/div><\/div><\/div><div class=\"fusion-fullwidth fullwidth-box hundred-percent-fullwidth non-hundred-percent-height-scrolling\"  style='background-color: #ffffff;background-position: center center;background-repeat: no-repeat;padding-top:0px;padding-right:0px;padding-bottom:0px;padding-left:0px;border-top-width:0px;border-bottom-width:0px;border-color:#eae9e9;border-top-style:solid;border-bottom-style:solid;'><div class=\"fusion-builder-row fusion-row \"><div  class=\"fusion-layout-column fusion_builder_column fusion_builder_column_1_1  fusion-one-full fusion-column-first fusion-column-last fusion-column-no-min-height 1_1\"  style='margin-top:0px;margin-bottom:0px;'>\n\t\t\t\t\t<div class=\"fusion-column-wrapper\" style=\"background-position:left top;background-repeat:no-repeat;-webkit-background-size:cover;-moz-background-size:cover;-o-background-size:cover;background-size:cover;\"  data-bg-url=\"\">\n\t\t\t\t\t\t<style type=\"text\/css\" scoped=\"scoped\">.fusion-accordian  #accordion-68144-1 .panel-title a .fa-fusion-box{ color: #ffffff;}.fusion-accordian  #accordion-68144-1 .panel-title a .fa-fusion-box:before{ font-size: 13px; width: 13px;}.fusion-accordian  #accordion-68144-1 .panel-title a{font-size:13px;}.fusion-accordian  #accordion-68144-1 .fa-fusion-box { background-color: #333333;border-color: #333333;}.fusion-accordian  #accordion-68144-1 .panel-title a:hover, #accordion-68144-1 .fusion-toggle-boxed-mode:hover .panel-title a { color: #e9a825;}.fusion-accordian  #accordion-68144-1 .panel-title .active .fa-fusion-box,.fusion-accordian  #accordion-68144-1 .panel-title a:hover .fa-fusion-box { background-color: #e9a825!important;border-color: #e9a825!important;}<\/style><div class=\"accordian fusion-accordian\"><div class=\"panel-group\" id=\"accordion-68144-1\"><div class=\"fusion-panel panel-default\"><div class=\"panel-heading\"><h4 class=\"panel-title toggle\"><a data-toggle=\"collapse\" data-parent=\"#accordion-68144-1\" data-target=\"#1d52a831b38f0fbb1\" href=\"#1d52a831b38f0fbb1\"><div class=\"fusion-toggle-icon-wrapper\"><i class=\"fa-fusion-box\"><\/i><\/div><div class=\"fusion-toggle-heading\">Pruebas anteriores<\/div><\/a><\/h4><\/div><div id=\"1d52a831b38f0fbb1\" class=\"panel-collapse collapse \"><div class=\"panel-body toggle-content fusion-clearfix\">\n\n\n\n\n\n<html lang=\"en\">\n<head>\n<meta http-equiv=\"Content-Type\" content=\"text\/html; charset=UTF-8\">\n\t\n<\/head>\n\n\n\n<body>\n\n \n\n\t\t\n\n\t\t\n\t\t\t<script>\n\t\t\tfunction abrir(codigo) { \n\t\t\t\twindow.open (\"https:\/\/sede.ayto-meco.es\/\/eAdmin\/\/ValidarDocumento.do?id_Documento=\"+codigo+\"&tipo=doc\",\"_blank\",\"toolbar=0,scrollbars=1,location=1,directories=0,status=1,menubar=0,scrollbars=0,resizable=1,width=1000,height=400\"); \n\t\t\t}\t\n\t\t\t<\/script>\n\t\t\t\n\t\t\t<!-- *************  LISTA DE DOCUMENTOS  ************************ -->\n\t\t\t<!-- \n\t\t\t\n\t\t\t<div class=\"reading-box\" style=\"background-color:#fff;border-width:1px;border-color:#ededed;border-top-width:1px;border-top-color:#a0ce4e;border-style:solid;\">\n\t\t\t   <a class=\"button fusion-button button-default button-round fusion-button-large button-large button-flat continue continue-right\" style=\"-webkit-box-shadow:none;-moz-box-shadow:none;box-shadow:none;\" href=\"javascript:abrir('H\/okTexVGag=')\" target=\"_self\"><span>ver documento<\/span><\/a>\n\t\t\t   <h2 data-lineheight=\"27\" data-fontsize=\"18\"><i class=\"fa fa-file\" style=\"color:#000000;\"><\/i>&nbsp;&nbsp;&nbsp; Publicaci\u00f3n transparencia C1, Res. 1527-2024<\/h2>\n\t\t\t   <div class=\"reading-box-description\">&nbsp;&nbsp;&nbsp;&nbsp;&nbsp;&nbsp;&nbsp;&nbsp;&nbsp;Publicaci\u00f3n ejercicios y plantilla correctora pruebas 4 Administrativos de Administraci\u00f3n General, resuelto por Resoluci\u00f3n de Alcald\u00eda 1527\/2024<\/div>\n\t\t\t<\/div>\n\t\t\t\n\t\t\t<div class=\"reading-box\" style=\"background-color:#fff;border-width:1px;border-color:#ededed;border-top-width:1px;border-top-color:#a0ce4e;border-style:solid;\">\n\t\t\t   <a class=\"button fusion-button button-default button-round fusion-button-large button-large button-flat continue continue-right\" style=\"-webkit-box-shadow:none;-moz-box-shadow:none;box-shadow:none;\" href=\"javascript:abrir('KvTMWQPQWAg=')\" target=\"_self\"><span>ver documento<\/span><\/a>\n\t\t\t   <h2 data-lineheight=\"27\" data-fontsize=\"18\"><i class=\"fa fa-file\" style=\"color:#000000;\"><\/i>&nbsp;&nbsp;&nbsp; Publicaci\u00f3n transparencia C1, Res. 1600-2022<\/h2>\n\t\t\t   <div class=\"reading-box-description\">&nbsp;&nbsp;&nbsp;&nbsp;&nbsp;&nbsp;&nbsp;&nbsp;&nbsp;Publicaci\u00f3n ejercicios y plantilla correctora pruebas Administrativo de Administraci\u00f3n General, resuelto por Resoluci\u00f3n de Alcald\u00eda 1600\/2022<\/div>\n\t\t\t<\/div>\n\t\t\t\n\t\t\t -->\n\t\t\t\n\t\t\t\n\t\t\t\n\t\t\t\t> <a href=\"javascript:abrir('H\/okTexVGag=')\">Publicaci\u00f3n transparencia C1, Res. 1527-2024<\/a>\n\t\t\t\tPublicaci\u00f3n ejercicios y plantilla correctora pruebas 4 Administrativos de Administraci\u00f3n General, resuelto por Resoluci\u00f3n de Alcald\u00eda 1527\/2024<br\/>\n\t\t\t\n\t\t\t\n\t\t\t\n\t\t\t\n\t\t\t\n\t\t\t\n\t\t\t\n\t\t\t\t> <a href=\"javascript:abrir('KvTMWQPQWAg=')\">Publicaci\u00f3n transparencia C1, Res. 1600-2022<\/a>\n\t\t\t\tPublicaci\u00f3n ejercicios y plantilla correctora pruebas Administrativo de Administraci\u00f3n General, resuelto por Resoluci\u00f3n de Alcald\u00eda 1600\/2022<br\/>\n\t\t\t\n\t\t\t\n\t\t\t\n\t\t\t\n\t\t\t\n\t\t\t\n\t\t\n\n\t\t\n\n\t\t\n\n\n<\/body>\n<\/html>\n\n\n\n<\/div><\/div><\/div> <\/div><\/div><div class=\"fusion-clearfix\"><\/div>\n\n\t\t\t\t\t<\/div>\n\t\t\t\t<\/div><\/div><\/div><\/p>\n","protected":false},"excerpt":{"rendered":"","protected":false},"author":14,"featured_media":0,"parent":68141,"menu_order":0,"comment_status":"open","ping_status":"open","template":"","meta":{"_bbp_topic_count":0,"_bbp_reply_count":0,"_bbp_total_topic_count":0,"_bbp_total_reply_count":0,"_bbp_voice_count":0,"_bbp_anonymous_reply_count":0,"_bbp_topic_count_hidden":0,"_bbp_reply_count_hidden":0,"_bbp_forum_subforum_count":0},"_links":{"self":[{"href":"http:\/\/transparencia.ayto-meco.es\/index.php?rest_route=\/wp\/v2\/pages\/68144"}],"collection":[{"href":"http:\/\/transparencia.ayto-meco.es\/index.php?rest_route=\/wp\/v2\/pages"}],"about":[{"href":"http:\/\/transparencia.ayto-meco.es\/index.php?rest_route=\/wp\/v2\/types\/page"}],"author":[{"embeddable":true,"href":"http:\/\/transparencia.ayto-meco.es\/index.php?rest_route=\/wp\/v2\/users\/14"}],"replies":[{"embeddable":true,"href":"http:\/\/transparencia.ayto-meco.es\/index.php?rest_route=%2Fwp%2Fv2%2Fcomments&post=68144"}],"version-history":[{"count":3,"href":"http:\/\/transparencia.ayto-meco.es\/index.php?rest_route=\/wp\/v2\/pages\/68144\/revisions"}],"predecessor-version":[{"id":68151,"href":"http:\/\/transparencia.ayto-meco.es\/index.php?rest_route=\/wp\/v2\/pages\/68144\/revisions\/68151"}],"up":[{"embeddable":true,"href":"http:\/\/transparencia.ayto-meco.es\/index.php?rest_route=\/wp\/v2\/pages\/68141"}],"wp:attachment":[{"href":"http:\/\/transparencia.ayto-meco.es\/index.php?rest_route=%2Fwp%2Fv2%2Fmedia&parent=68144"}],"curies":[{"name":"wp","href":"https:\/\/api.w.org\/{rel}","templated":true}]}}